{"id":14,"date":"2011-05-07T09:31:48","date_gmt":"2011-05-07T09:31:48","guid":{"rendered":"http:\/\/amaplabergerie.wordpress.com\/?page_id=14"},"modified":"2012-09-04T22:52:53","modified_gmt":"2012-09-04T20:52:53","slug":"la-ferme","status":"publish","type":"page","link":"https:\/\/amaplabergerie.org\/?page_id=14","title":{"rendered":"La ferme"},"content":{"rendered":"<p><a href=\"http:\/\/amaplabergerie.org\/wp-content\/uploads\/2011\/05\/P1040453.jpg\"><img decoding=\"async\" loading=\"lazy\" class=\"size-medium wp-image-170 alignleft\" title=\"La ferme\" src=\"http:\/\/amaplabergerie.org\/wp-content\/uploads\/2011\/05\/P1040453-300x225.jpg\" alt=\"\" width=\"300\" height=\"225\" srcset=\"https:\/\/amaplabergerie.org\/wp-content\/uploads\/2011\/05\/P1040453-300x225.jpg 300w, https:\/\/amaplabergerie.org\/wp-content\/uploads\/2011\/05\/P1040453-1024x768.jpg 1024w, https:\/\/amaplabergerie.org\/wp-content\/uploads\/2011\/05\/P1040453.jpg 1600w\" sizes=\"(max-width: 300px) 100vw, 300px\" \/><\/a>Leur ferme se situe \u00e0 Mont\u00e9gut-Lauragais, \u00e0 36 km de Lauzerville, \u00e0 c\u00f4t\u00e9 de Revel.<\/p>\n<p>Patrice et Marion cultivent x ha de mara\u00eechage, dont x sous serre froide. Ils disposent \u00e9galement d&rsquo;une serre chauff\u00e9e (la serre \u00e0 plants).<\/p>\n<p>L&rsquo;\u00e9levage est \u00e9galement pr\u00e9sent : quelques porcs, agneaux, quelques poules &#8230;<\/p>\n<p>&nbsp;<\/p>\n","protected":false},"excerpt":{"rendered":"<p>Leur ferme se situe \u00e0 Mont\u00e9gut-Lauragais, \u00e0 36 km de Lauzerville, \u00e0 c\u00f4t\u00e9 de Revel. Patrice et Marion cultivent x ha de mara\u00eechage, dont x sous serre froide. Ils disposent \u00e9galement d&rsquo;une serre chauff\u00e9e (la serre \u00e0 plants). L&rsquo;\u00e9levage est &hellip; <a href=\"https:\/\/amaplabergerie.org\/?page_id=14\">Continuer la lecture <span class=\"meta-nav\">&rarr;<\/span><\/a><\/p>\n","protected":false},"author":2,"featured_media":170,"parent":243,"menu_order":1,"comment_status":"closed","ping_status":"closed","template":"","meta":{"_bbp_topic_count":0,"_bbp_reply_count":0,"_bbp_total_topic_count":0,"_bbp_total_reply_count":0,"_bbp_voice_count":0,"_bbp_anonymous_reply_count":0,"_bbp_topic_count_hidden":0,"_bbp_reply_count_hidden":0,"_bbp_forum_subforum_count":0},"_links":{"self":[{"href":"https:\/\/amaplabergerie.org\/index.php?rest_route=\/wp\/v2\/pages\/14"}],"collection":[{"href":"https:\/\/amaplabergerie.org\/index.php?rest_route=\/wp\/v2\/pages"}],"about":[{"href":"https:\/\/amaplabergerie.org\/index.php?rest_route=\/wp\/v2\/types\/page"}],"author":[{"embeddable":true,"href":"https:\/\/amaplabergerie.org\/index.php?rest_route=\/wp\/v2\/users\/2"}],"replies":[{"embeddable":true,"href":"https:\/\/amaplabergerie.org\/index.php?rest_route=%2Fwp%2Fv2%2Fcomments&post=14"}],"version-history":[{"count":2,"href":"https:\/\/amaplabergerie.org\/index.php?rest_route=\/wp\/v2\/pages\/14\/revisions"}],"predecessor-version":[{"id":815,"href":"https:\/\/amaplabergerie.org\/index.php?rest_route=\/wp\/v2\/pages\/14\/revisions\/815"}],"up":[{"embeddable":true,"href":"https:\/\/amaplabergerie.org\/index.php?rest_route=\/wp\/v2\/pages\/243"}],"wp:featuredmedia":[{"embeddable":true,"href":"https:\/\/amaplabergerie.org\/index.php?rest_route=\/wp\/v2\/media\/170"}],"wp:attachment":[{"href":"https:\/\/amaplabergerie.org\/index.php?rest_route=%2Fwp%2Fv2%2Fmedia&parent=14"}],"curies":[{"name":"wp","href":"https:\/\/api.w.org\/{rel}","templated":true}]}}