{"id":21,"date":"2011-05-07T09:37:28","date_gmt":"2011-05-07T09:37:28","guid":{"rendered":"http:\/\/amaplabergerie.wordpress.com\/?page_id=21"},"modified":"2012-09-04T22:53:29","modified_gmt":"2012-09-04T20:53:29","slug":"les-cultures-en-cours","status":"publish","type":"page","link":"https:\/\/amaplabergerie.org\/?page_id=21","title":{"rendered":"Les cultures en cours"},"content":{"rendered":"<p><strong>Les cultures pour la saison 2011-2012 :<\/strong><\/p>\n<p>Printemps :<\/p>\n<p>&#8211; oignon nouveau<\/p>\n<p>&#8211; f\u00e8ves<\/p>\n<p>Et\u00e9 :<\/p>\n<p>Automne &#8211; hiver<\/p>\n<p>&#8211; tous les l\u00e9gumes de saison (pot-au-feu) : carottes, poireaux, pommes de terre,<\/p>\n","protected":false},"excerpt":{"rendered":"<p>Les cultures pour la saison 2011-2012 : Printemps : &#8211; oignon nouveau &#8211; f\u00e8ves Et\u00e9 : Automne &#8211; hiver &#8211; tous les l\u00e9gumes de saison (pot-au-feu) : carottes, poireaux, pommes de terre,<\/p>\n","protected":false},"author":2,"featured_media":170,"parent":243,"menu_order":2,"comment_status":"closed","ping_status":"closed","template":"","meta":{"_bbp_topic_count":0,"_bbp_reply_count":0,"_bbp_total_topic_count":0,"_bbp_total_reply_count":0,"_bbp_voice_count":0,"_bbp_anonymous_reply_count":0,"_bbp_topic_count_hidden":0,"_bbp_reply_count_hidden":0,"_bbp_forum_subforum_count":0},"_links":{"self":[{"href":"https:\/\/amaplabergerie.org\/index.php?rest_route=\/wp\/v2\/pages\/21"}],"collection":[{"href":"https:\/\/amaplabergerie.org\/index.php?rest_route=\/wp\/v2\/pages"}],"about":[{"href":"https:\/\/amaplabergerie.org\/index.php?rest_route=\/wp\/v2\/types\/page"}],"author":[{"embeddable":true,"href":"https:\/\/amaplabergerie.org\/index.php?rest_route=\/wp\/v2\/users\/2"}],"replies":[{"embeddable":true,"href":"https:\/\/amaplabergerie.org\/index.php?rest_route=%2Fwp%2Fv2%2Fcomments&post=21"}],"version-history":[{"count":2,"href":"https:\/\/amaplabergerie.org\/index.php?rest_route=\/wp\/v2\/pages\/21\/revisions"}],"predecessor-version":[{"id":816,"href":"https:\/\/amaplabergerie.org\/index.php?rest_route=\/wp\/v2\/pages\/21\/revisions\/816"}],"up":[{"embeddable":true,"href":"https:\/\/amaplabergerie.org\/index.php?rest_route=\/wp\/v2\/pages\/243"}],"wp:featuredmedia":[{"embeddable":true,"href":"https:\/\/amaplabergerie.org\/index.php?rest_route=\/wp\/v2\/media\/170"}],"wp:attachment":[{"href":"https:\/\/amaplabergerie.org\/index.php?rest_route=%2Fwp%2Fv2%2Fmedia&parent=21"}],"curies":[{"name":"wp","href":"https:\/\/api.w.org\/{rel}","templated":true}]}}