{"id":243,"date":"2011-05-07T08:25:59","date_gmt":"2011-05-07T08:25:59","guid":{"rendered":"http:\/\/amaplabergerie.wordpress.com\/?page_id=2"},"modified":"2017-06-01T20:46:54","modified_gmt":"2017-06-01T18:46:54","slug":"chez-patrice-et-marion","status":"publish","type":"page","link":"https:\/\/amaplabergerie.org\/?page_id=243","title":{"rendered":"Chez Patrice et Marion"},"content":{"rendered":"<p><a href=\"http:\/\/amaplabergerie.org\/wp-content\/uploads\/2011\/05\/visite-\u00e0-la-ferme2010-081.jpg\"><img decoding=\"async\" loading=\"lazy\" class=\"alignright size-medium wp-image-172\" title=\"Patrice et Marion - avril 2010\" alt=\"\" src=\"http:\/\/amaplabergerie.org\/wp-content\/uploads\/2011\/05\/visite-\u00e0-la-ferme2010-081-300x200.jpg\" width=\"300\" height=\"200\" srcset=\"https:\/\/amaplabergerie.org\/wp-content\/uploads\/2011\/05\/visite-\u00e0-la-ferme2010-081-300x200.jpg 300w, https:\/\/amaplabergerie.org\/wp-content\/uploads\/2011\/05\/visite-\u00e0-la-ferme2010-081-1024x682.jpg 1024w\" sizes=\"(max-width: 300px) 100vw, 300px\" \/><\/a>Patrice de Saint Sernin et Marion Hermet, se sont install\u00e9s en mara\u00eechage en 2009. Ils ont d\u00e8s leur installation choisi de travailler avec notre AMAP. De 20 paniers livr\u00e9s en 2009-2010, ils sont pass\u00e9s \u00e0 25 paniers puis \u00e0 29 paniers sur la saison 2011-2012.<br \/>\nLa saison 2015-2016 est la derni\u00e8re avec eux pour les livraisons de l\u00e9gumes.<\/p>\n<p>Le samedi matin, ils sont pr\u00e9sents sur le march\u00e9 de Revel.<br \/>\nIls pratiquent \u00e9galement la vente \u00e0 la ferme le mardi et vendredi en fin d&rsquo;apr\u00e8s-midi.<\/p>\n<p><a title=\"ferme de Lacoste\" href=\"http:\/\/fermedelacoste.fr\/\" target=\"_blank\">http:\/\/fermedelacoste.fr\/<\/a><\/p>\n<p>&nbsp;<\/p>\n","protected":false},"excerpt":{"rendered":"<p>Patrice de Saint Sernin et Marion Hermet, se sont install\u00e9s en mara\u00eechage en 2009. Ils ont d\u00e8s leur installation choisi de travailler avec notre AMAP. De 20 paniers livr\u00e9s en 2009-2010, ils sont pass\u00e9s \u00e0 25 paniers puis \u00e0 29 &hellip; <a href=\"https:\/\/amaplabergerie.org\/?page_id=243\">Continuer la lecture <span class=\"meta-nav\">&rarr;<\/span><\/a><\/p>\n","protected":false},"author":2,"featured_media":170,"parent":9,"menu_order":0,"comment_status":"closed","ping_status":"closed","template":"","meta":{"_bbp_topic_count":0,"_bbp_reply_count":0,"_bbp_total_topic_count":0,"_bbp_total_reply_count":0,"_bbp_voice_count":0,"_bbp_anonymous_reply_count":0,"_bbp_topic_count_hidden":0,"_bbp_reply_count_hidden":0,"_bbp_forum_subforum_count":0},"_links":{"self":[{"href":"https:\/\/amaplabergerie.org\/index.php?rest_route=\/wp\/v2\/pages\/243"}],"collection":[{"href":"https:\/\/amaplabergerie.org\/index.php?rest_route=\/wp\/v2\/pages"}],"about":[{"href":"https:\/\/amaplabergerie.org\/index.php?rest_route=\/wp\/v2\/types\/page"}],"author":[{"embeddable":true,"href":"https:\/\/amaplabergerie.org\/index.php?rest_route=\/wp\/v2\/users\/2"}],"replies":[{"embeddable":true,"href":"https:\/\/amaplabergerie.org\/index.php?rest_route=%2Fwp%2Fv2%2Fcomments&post=243"}],"version-history":[{"count":6,"href":"https:\/\/amaplabergerie.org\/index.php?rest_route=\/wp\/v2\/pages\/243\/revisions"}],"predecessor-version":[{"id":394,"href":"https:\/\/amaplabergerie.org\/index.php?rest_route=\/wp\/v2\/pages\/243\/revisions\/394"}],"up":[{"embeddable":true,"href":"https:\/\/amaplabergerie.org\/index.php?rest_route=\/wp\/v2\/pages\/9"}],"wp:featuredmedia":[{"embeddable":true,"href":"https:\/\/amaplabergerie.org\/index.php?rest_route=\/wp\/v2\/media\/170"}],"wp:attachment":[{"href":"https:\/\/amaplabergerie.org\/index.php?rest_route=%2Fwp%2Fv2%2Fmedia&parent=243"}],"curies":[{"name":"wp","href":"https:\/\/api.w.org\/{rel}","templated":true}]}}