{"id":3114,"date":"2017-03-26T19:51:12","date_gmt":"2017-03-26T17:51:12","guid":{"rendered":"http:\/\/amaplabergerie.org\/?page_id=3114"},"modified":"2017-06-01T20:40:38","modified_gmt":"2017-06-01T18:40:38","slug":"chez-jean-nicolas","status":"publish","type":"page","link":"https:\/\/amaplabergerie.org\/?page_id=3114","title":{"rendered":"Chez Jean-Nicolas"},"content":{"rendered":"<p><a href=\"http:\/\/amaplabergerie.org\/wp-content\/uploads\/2017\/03\/DSC_8223-Large.jpg\"><img decoding=\"async\" loading=\"lazy\" class=\"size-medium wp-image-3115 alignleft\" alt=\"DSC_8223 (Large)\" src=\"http:\/\/amaplabergerie.org\/wp-content\/uploads\/2017\/03\/DSC_8223-Large-199x300.jpg\" width=\"199\" height=\"300\" srcset=\"https:\/\/amaplabergerie.org\/wp-content\/uploads\/2017\/03\/DSC_8223-Large-199x300.jpg 199w, https:\/\/amaplabergerie.org\/wp-content\/uploads\/2017\/03\/DSC_8223-Large.jpg 511w\" sizes=\"(max-width: 199px) 100vw, 199px\" \/><\/a><br \/>\n<strong>Apiculteur<\/strong> et <strong>cultivateur de fruits<\/strong> (fraises, framboises, groseilles, cassis, rhubarbes) <strong>et l\u00e9gumes<\/strong>, Jean-Nicolas Eveillard con\u00e7oit aussi compotes et confitures avec ses r\u00e9coltes.<\/p>\n<p>Il est install\u00e9 aux Cammazes, \u00e0 la limite du Tarn, de la haute Garonne et de l&rsquo;Aude.<br \/>\nIl est pr\u00e9sent sur le march\u00e9 de Revel sous la halle, le samedi matin.<\/p>\n","protected":false},"excerpt":{"rendered":"<p>Apiculteur et cultivateur de fruits (fraises, framboises, groseilles, cassis, rhubarbes) et l\u00e9gumes, Jean-Nicolas Eveillard con\u00e7oit aussi compotes et confitures avec ses r\u00e9coltes. Il est install\u00e9 aux Cammazes, \u00e0 la limite du Tarn, de la haute Garonne et de l&rsquo;Aude. Il &hellip; <a href=\"https:\/\/amaplabergerie.org\/?page_id=3114\">Continuer la lecture <span class=\"meta-nav\">&rarr;<\/span><\/a><\/p>\n","protected":false},"author":4,"featured_media":0,"parent":9,"menu_order":0,"comment_status":"closed","ping_status":"closed","template":"","meta":{"_bbp_topic_count":0,"_bbp_reply_count":0,"_bbp_total_topic_count":0,"_bbp_total_reply_count":0,"_bbp_voice_count":0,"_bbp_anonymous_reply_count":0,"_bbp_topic_count_hidden":0,"_bbp_reply_count_hidden":0,"_bbp_forum_subforum_count":0},"_links":{"self":[{"href":"https:\/\/amaplabergerie.org\/index.php?rest_route=\/wp\/v2\/pages\/3114"}],"collection":[{"href":"https:\/\/amaplabergerie.org\/index.php?rest_route=\/wp\/v2\/pages"}],"about":[{"href":"https:\/\/amaplabergerie.org\/index.php?rest_route=\/wp\/v2\/types\/page"}],"author":[{"embeddable":true,"href":"https:\/\/amaplabergerie.org\/index.php?rest_route=\/wp\/v2\/users\/4"}],"replies":[{"embeddable":true,"href":"https:\/\/amaplabergerie.org\/index.php?rest_route=%2Fwp%2Fv2%2Fcomments&post=3114"}],"version-history":[{"count":14,"href":"https:\/\/amaplabergerie.org\/index.php?rest_route=\/wp\/v2\/pages\/3114\/revisions"}],"predecessor-version":[{"id":3398,"href":"https:\/\/amaplabergerie.org\/index.php?rest_route=\/wp\/v2\/pages\/3114\/revisions\/3398"}],"up":[{"embeddable":true,"href":"https:\/\/amaplabergerie.org\/index.php?rest_route=\/wp\/v2\/pages\/9"}],"wp:attachment":[{"href":"https:\/\/amaplabergerie.org\/index.php?rest_route=%2Fwp%2Fv2%2Fmedia&parent=3114"}],"curies":[{"name":"wp","href":"https:\/\/api.w.org\/{rel}","templated":true}]}}