{"id":3139,"date":"2017-04-16T11:07:30","date_gmt":"2017-04-16T09:07:30","guid":{"rendered":"http:\/\/amaplabergerie.org\/?page_id=3139"},"modified":"2017-05-19T12:08:15","modified_gmt":"2017-05-19T10:08:15","slug":"chez-nicolas","status":"publish","type":"page","link":"https:\/\/amaplabergerie.org\/?page_id=3139","title":{"rendered":"Chez Nicolas"},"content":{"rendered":"<div style=\"width: 310px\" class=\"wp-caption alignright\"><img decoding=\"async\" loading=\"lazy\" alt=\"\" src=\"http:\/\/www.le-pic-vert.com\/images\/galeries\/photo14_T2.jpg\" width=\"300\" height=\"225\" \/><p class=\"wp-caption-text\">Le Pic vert<\/p><\/div>\n<p>Nicolas Dombre travaille sa terre en mara\u00eechage biologique depuis 1993.<\/p>\n<p>Il \u00e9l\u00e8ve \u00e9galement des poules pondeuses.<\/p>\n<p><em>Sa production est volontairement limit\u00e9e en quantit\u00e9 et r\u00e9serv\u00e9e \u00e0 une client\u00e8le locale.<\/em><\/p>\n<p>Stand sur le march\u00e9 de Revel sous la halle, le samedi matin.<br \/>\nPetit march\u00e9 \u00e0 la ferme de la Graverie le mercredi de 15h30 \u00e0 20 h (march\u00e9 du \u00ab\u00a0<a href=\"http:\/\/www.le-pic-vert.com\/\" target=\"_blank\">Pic Vert<\/a>\u00ab\u00a0).<\/p>\n","protected":false},"excerpt":{"rendered":"<p>Nicolas Dombre travaille sa terre en mara\u00eechage biologique depuis 1993. Il \u00e9l\u00e8ve \u00e9galement des poules pondeuses. Sa production est volontairement limit\u00e9e en quantit\u00e9 et r\u00e9serv\u00e9e \u00e0 une client\u00e8le locale. Stand sur le march\u00e9 de Revel sous la halle, le samedi &hellip; <a href=\"https:\/\/amaplabergerie.org\/?page_id=3139\">Continuer la lecture <span class=\"meta-nav\">&rarr;<\/span><\/a><\/p>\n","protected":false},"author":4,"featured_media":0,"parent":9,"menu_order":0,"comment_status":"closed","ping_status":"closed","template":"","meta":{"_bbp_topic_count":0,"_bbp_reply_count":0,"_bbp_total_topic_count":0,"_bbp_total_reply_count":0,"_bbp_voice_count":0,"_bbp_anonymous_reply_count":0,"_bbp_topic_count_hidden":0,"_bbp_reply_count_hidden":0,"_bbp_forum_subforum_count":0},"_links":{"self":[{"href":"https:\/\/amaplabergerie.org\/index.php?rest_route=\/wp\/v2\/pages\/3139"}],"collection":[{"href":"https:\/\/amaplabergerie.org\/index.php?rest_route=\/wp\/v2\/pages"}],"about":[{"href":"https:\/\/amaplabergerie.org\/index.php?rest_route=\/wp\/v2\/types\/page"}],"author":[{"embeddable":true,"href":"https:\/\/amaplabergerie.org\/index.php?rest_route=\/wp\/v2\/users\/4"}],"replies":[{"embeddable":true,"href":"https:\/\/amaplabergerie.org\/index.php?rest_route=%2Fwp%2Fv2%2Fcomments&post=3139"}],"version-history":[{"count":10,"href":"https:\/\/amaplabergerie.org\/index.php?rest_route=\/wp\/v2\/pages\/3139\/revisions"}],"predecessor-version":[{"id":3384,"href":"https:\/\/amaplabergerie.org\/index.php?rest_route=\/wp\/v2\/pages\/3139\/revisions\/3384"}],"up":[{"embeddable":true,"href":"https:\/\/amaplabergerie.org\/index.php?rest_route=\/wp\/v2\/pages\/9"}],"wp:attachment":[{"href":"https:\/\/amaplabergerie.org\/index.php?rest_route=%2Fwp%2Fv2%2Fmedia&parent=3139"}],"curies":[{"name":"wp","href":"https:\/\/api.w.org\/{rel}","templated":true}]}}