{"id":3194,"date":"2017-04-22T15:14:51","date_gmt":"2017-04-22T13:14:51","guid":{"rendered":"http:\/\/amaplabergerie.org\/?page_id=3194"},"modified":"2020-10-10T23:26:19","modified_gmt":"2020-10-10T21:26:19","slug":"chez-suzanne","status":"publish","type":"page","link":"https:\/\/amaplabergerie.org\/?page_id=3194","title":{"rendered":"Chez Suzanne et Miel"},"content":{"rendered":"<p>Suzanne a d\u00e9m\u00e9nag\u00e9 son activit\u00e9 avicole pour rejoindre son compagnon Miel Roos \u00e9leveur d&rsquo;ovin.<\/p>\n<p>La ferme est situ\u00e9e \u00e0 Montpezat d&rsquo;Agenais non loin de Villeneuve sur lot.<br \/>\nLes activit\u00e9s de la ferme sont :<\/p>\n<ul>\n<li>l\u2019\u00e9levage de volailles (poules pondeuses et poulets de chair)<\/li>\n<li>l&rsquo;\u00e9levage de moutons et agneaux.<\/li>\n<\/ul>\n<p>Le tout en agriculture biologique pour une commercialisation en vente directe.<\/p>\n<p><a href=\"http:\/\/amaplabergerie.org\/wp-content\/uploads\/2017\/04\/charmoise.jpg\"><img decoding=\"async\" loading=\"lazy\" class=\"alignright size-large wp-image-4057\" src=\"http:\/\/amaplabergerie.org\/wp-content\/uploads\/2017\/04\/charmoise-1024x768.jpg\" alt=\"Brebis sous les pruniers\" width=\"640\" height=\"480\" srcset=\"https:\/\/amaplabergerie.org\/wp-content\/uploads\/2017\/04\/charmoise-1024x768.jpg 1024w, https:\/\/amaplabergerie.org\/wp-content\/uploads\/2017\/04\/charmoise-300x225.jpg 300w, https:\/\/amaplabergerie.org\/wp-content\/uploads\/2017\/04\/charmoise-600x450.jpg 600w\" sizes=\"(max-width: 640px) 100vw, 640px\" \/><\/a><\/p>\n<p>Une petite centaine d&rsquo;hectares est exploit\u00e9e pour assurer les p\u00e2turages des brebis et des agneaux qui naissent tous sur la ferme.<br \/>\nIl y a aussi des luzernes et des m\u00e9teils pour assurer les fourrages des animaux en hiver.<br \/>\nLes brebis (180 m\u00e8res environ) sont de race Charmoise.<br \/>\nDepuis peu un chien Patou a rejoint la ferme pour prot\u00e9ger le troupeau.<\/p>\n<p>&#8212;<br \/>\nMiel Roos et Suzanne Hecquet<br \/>\nAgneaux et poulets bio<br \/>\nVente directe<br \/>\n47360 Monpezat<br \/>\n07 68 59 84 08<\/p>\n<p><a href=\"http:\/\/amaplabergerie.org\/wp-content\/uploads\/2017\/04\/iconfinder_square-facebook_317727.png\"><img decoding=\"async\" loading=\"lazy\" class=\"size-thumbnail wp-image-4110 alignleft\" src=\"http:\/\/amaplabergerie.org\/wp-content\/uploads\/2017\/04\/iconfinder_square-facebook_317727-150x150.png\" alt=\"iconfinder_square-facebook_317727\" width=\"21\" height=\"21\" srcset=\"https:\/\/amaplabergerie.org\/wp-content\/uploads\/2017\/04\/iconfinder_square-facebook_317727-150x150.png 150w, https:\/\/amaplabergerie.org\/wp-content\/uploads\/2017\/04\/iconfinder_square-facebook_317727-300x300.png 300w, https:\/\/amaplabergerie.org\/wp-content\/uploads\/2017\/04\/iconfinder_square-facebook_317727.png 512w\" sizes=\"(max-width: 21px) 100vw, 21px\" \/><\/a><a title=\"Agneaux et volailles bio de Montpezat\" href=\"https:\/\/www.facebook.com\/Agneaux-et-volailles-bio-de-montpezat-442723042967951\/\" target=\"_blank\" rel=\"noopener noreferrer\">Agneaux et volailles bio de Montpezat<\/a><\/p>\n","protected":false},"excerpt":{"rendered":"<p>Suzanne a d\u00e9m\u00e9nag\u00e9 son activit\u00e9 avicole pour rejoindre son compagnon Miel Roos \u00e9leveur d&rsquo;ovin. La ferme est situ\u00e9e \u00e0 Montpezat d&rsquo;Agenais non loin de Villeneuve sur lot. Les activit\u00e9s de la ferme sont : l\u2019\u00e9levage de volailles (poules pondeuses et &hellip; <a href=\"https:\/\/amaplabergerie.org\/?page_id=3194\">Continuer la lecture <span class=\"meta-nav\">&rarr;<\/span><\/a><\/p>\n","protected":false},"author":4,"featured_media":0,"parent":9,"menu_order":0,"comment_status":"closed","ping_status":"closed","template":"","meta":{"_bbp_topic_count":0,"_bbp_reply_count":0,"_bbp_total_topic_count":0,"_bbp_total_reply_count":0,"_bbp_voice_count":0,"_bbp_anonymous_reply_count":0,"_bbp_topic_count_hidden":0,"_bbp_reply_count_hidden":0,"_bbp_forum_subforum_count":0},"_links":{"self":[{"href":"https:\/\/amaplabergerie.org\/index.php?rest_route=\/wp\/v2\/pages\/3194"}],"collection":[{"href":"https:\/\/amaplabergerie.org\/index.php?rest_route=\/wp\/v2\/pages"}],"about":[{"href":"https:\/\/amaplabergerie.org\/index.php?rest_route=\/wp\/v2\/types\/page"}],"author":[{"embeddable":true,"href":"https:\/\/amaplabergerie.org\/index.php?rest_route=\/wp\/v2\/users\/4"}],"replies":[{"embeddable":true,"href":"https:\/\/amaplabergerie.org\/index.php?rest_route=%2Fwp%2Fv2%2Fcomments&post=3194"}],"version-history":[{"count":20,"href":"https:\/\/amaplabergerie.org\/index.php?rest_route=\/wp\/v2\/pages\/3194\/revisions"}],"predecessor-version":[{"id":4284,"href":"https:\/\/amaplabergerie.org\/index.php?rest_route=\/wp\/v2\/pages\/3194\/revisions\/4284"}],"up":[{"embeddable":true,"href":"https:\/\/amaplabergerie.org\/index.php?rest_route=\/wp\/v2\/pages\/9"}],"wp:attachment":[{"href":"https:\/\/amaplabergerie.org\/index.php?rest_route=%2Fwp%2Fv2%2Fmedia&parent=3194"}],"curies":[{"name":"wp","href":"https:\/\/api.w.org\/{rel}","templated":true}]}}