{"id":38,"date":"2011-05-07T09:46:08","date_gmt":"2011-05-07T09:46:08","guid":{"rendered":"http:\/\/amaplabergerie.wordpress.com\/?page_id=38"},"modified":"2016-03-26T10:28:58","modified_gmt":"2016-03-26T09:28:58","slug":"fonctionnement","status":"publish","type":"page","link":"https:\/\/amaplabergerie.org\/?page_id=38","title":{"rendered":"Fonctionnement"},"content":{"rendered":"<h2>Qu&rsquo;est ce qu&rsquo;une AMAP ?<\/h2>\n<p>Les AMAP sont bas\u00e9es sur un partenariat entre un groupe de citoyens et un producteur, gr\u00e2ce \u00e0 un engagement \u00e9labor\u00e9 en commun sur une ou plusieurs saisons autour des productions de la ferme: l\u00e9gumes, viande, c\u00e9r\u00e9ales, fruits, \u2026<\/p>\n<p>Les consommateurs s&rsquo;engagent \u00e0 acheter \u00e0 l&rsquo;avance des parts de ce qui est produit sur la ferme, assurant ainsi au paysan un revenu \u00e9quitable.<\/p>\n<p>Les paysans s&rsquo;engagent \u00e0 pratiquer une agriculture de qualit\u00e9, sans OGM, pesticides et engrais de synth\u00e8se en pr\u00e9servant les ressources naturelles dans le respect de la Charte des AMAP.<\/p>\n<p><strong><em><span style=\"text-decoration: underline;\">Comment fonctionne l\u2019AMAP \u00ab\u00a0la Bergerie\u00a0\u00bb\u00a0?<\/span><\/em><\/strong><\/p>\n<p>En d\u00e9but de saison, nous discutons avec nos producteurs du calendrier de production.<\/p>\n<p>Pendant la saison, les producteurs livrent les paniers de l\u00e9gumes et fruits chaque semaine, les paniers de fromage toutes les 2 semaines.<\/p>\n<p>Tout ce qui est mis en culture pour l\u2019AMAP est r\u00e9colt\u00e9 et distribu\u00e9. Pas de calibrage, on distribue l\u2019ensemble de la r\u00e9colte. Les l\u00e9gumes\/fruits sont de saison et la quantit\u00e9 d\u00e9pend de la r\u00e9colte.<\/p>\n<p>Le prix du panier, fix\u00e9 en d\u00e9but de saison, est d\u00e9fini en tenant compte des co\u00fbts de production. Les paniers sont achet\u00e9s et pay\u00e9s d\u00e8s le d\u00e9but de la saison, ce qui \u00e9vite aux paysans les incertitudes de la commercialisation.<\/p>\n","protected":false},"excerpt":{"rendered":"<p>Qu&rsquo;est ce qu&rsquo;une AMAP ? Les AMAP sont bas\u00e9es sur un partenariat entre un groupe de citoyens et un producteur, gr\u00e2ce \u00e0 un engagement \u00e9labor\u00e9 en commun sur une ou plusieurs saisons autour des productions de la ferme: l\u00e9gumes, viande, &hellip; <a href=\"https:\/\/amaplabergerie.org\/?page_id=38\">Continuer la lecture <span class=\"meta-nav\">&rarr;<\/span><\/a><\/p>\n","protected":false},"author":2,"featured_media":0,"parent":30,"menu_order":1,"comment_status":"closed","ping_status":"closed","template":"","meta":{"_bbp_topic_count":0,"_bbp_reply_count":0,"_bbp_total_topic_count":0,"_bbp_total_reply_count":0,"_bbp_voice_count":0,"_bbp_anonymous_reply_count":0,"_bbp_topic_count_hidden":0,"_bbp_reply_count_hidden":0,"_bbp_forum_subforum_count":0},"_links":{"self":[{"href":"https:\/\/amaplabergerie.org\/index.php?rest_route=\/wp\/v2\/pages\/38"}],"collection":[{"href":"https:\/\/amaplabergerie.org\/index.php?rest_route=\/wp\/v2\/pages"}],"about":[{"href":"https:\/\/amaplabergerie.org\/index.php?rest_route=\/wp\/v2\/types\/page"}],"author":[{"embeddable":true,"href":"https:\/\/amaplabergerie.org\/index.php?rest_route=\/wp\/v2\/users\/2"}],"replies":[{"embeddable":true,"href":"https:\/\/amaplabergerie.org\/index.php?rest_route=%2Fwp%2Fv2%2Fcomments&post=38"}],"version-history":[{"count":3,"href":"https:\/\/amaplabergerie.org\/index.php?rest_route=\/wp\/v2\/pages\/38\/revisions"}],"predecessor-version":[{"id":2808,"href":"https:\/\/amaplabergerie.org\/index.php?rest_route=\/wp\/v2\/pages\/38\/revisions\/2808"}],"up":[{"embeddable":true,"href":"https:\/\/amaplabergerie.org\/index.php?rest_route=\/wp\/v2\/pages\/30"}],"wp:attachment":[{"href":"https:\/\/amaplabergerie.org\/index.php?rest_route=%2Fwp%2Fv2%2Fmedia&parent=38"}],"curies":[{"name":"wp","href":"https:\/\/api.w.org\/{rel}","templated":true}]}}