{"id":4260,"date":"2020-09-20T19:39:23","date_gmt":"2020-09-20T17:39:23","guid":{"rendered":"http:\/\/amaplabergerie.org\/?page_id=4260"},"modified":"2020-10-10T23:27:29","modified_gmt":"2020-10-10T21:27:29","slug":"chez-violaine","status":"publish","type":"page","link":"https:\/\/amaplabergerie.org\/?page_id=4260","title":{"rendered":"Chez Violaine"},"content":{"rendered":"<p>La petite ferme BIO de Violaine Herrbach est situ\u00e9e \u00e0 Rivi\u00e8res, pr\u00e8s de Gaillac.<\/p>\n<p>Elle y produit des fruits (pommes et melons), du jus de pommes, ainsi que des farines de c\u00e9r\u00e9ales anciennes (bl\u00e9 et petit \u00e9peautre).<\/p>\n<p>Une dizaine de vari\u00e9t\u00e9s de pomme, dont des vari\u00e9t\u00e9s anciennes, sont disponibles d&rsquo; ao\u00fbt \u00e0 mars &#8211; vente directe exclusivement en AMAP.<br \/>\nLes autres produits sont vendus en AMAP mais aussi via les march\u00e9s (dans l&rsquo;Albigeois) et les magasins de producteurs.<\/p>\n<p><img decoding=\"async\" loading=\"lazy\" class=\"wp-image-4262 alignnone\" src=\"http:\/\/amaplabergerie.org\/wp-content\/uploads\/2020\/09\/pommiers_violaine-300x225.jpg\" alt=\"\" width=\"420\" height=\"315\" srcset=\"https:\/\/amaplabergerie.org\/wp-content\/uploads\/2020\/09\/pommiers_violaine-300x225.jpg 300w, https:\/\/amaplabergerie.org\/wp-content\/uploads\/2020\/09\/pommiers_violaine-768x576.jpg 768w, https:\/\/amaplabergerie.org\/wp-content\/uploads\/2020\/09\/pommiers_violaine-600x450.jpg 600w, https:\/\/amaplabergerie.org\/wp-content\/uploads\/2020\/09\/pommiers_violaine.jpg 960w\" sizes=\"(max-width: 420px) 100vw, 420px\" \/><\/p>\n<p><a href=\"https:\/\/www.facebook.com\/BioViolaine\/\" target=\"_blank\" rel=\"noopener noreferrer\"><img decoding=\"async\" loading=\"lazy\" class=\"alignnone wp-image-4110\" src=\"http:\/\/amaplabergerie.org\/wp-content\/uploads\/2017\/04\/iconfinder_square-facebook_317727-300x300.png\" alt=\"\" width=\"30\" height=\"30\" srcset=\"https:\/\/amaplabergerie.org\/wp-content\/uploads\/2017\/04\/iconfinder_square-facebook_317727-300x300.png 300w, https:\/\/amaplabergerie.org\/wp-content\/uploads\/2017\/04\/iconfinder_square-facebook_317727-150x150.png 150w, https:\/\/amaplabergerie.org\/wp-content\/uploads\/2017\/04\/iconfinder_square-facebook_317727.png 512w\" sizes=\"(max-width: 30px) 100vw, 30px\" \/>\u00a0 https:\/\/www.facebook.com\/BioViolaine\/<\/a><\/p>\n","protected":false},"excerpt":{"rendered":"<p>La petite ferme BIO de Violaine Herrbach est situ\u00e9e \u00e0 Rivi\u00e8res, pr\u00e8s de Gaillac. Elle y produit des fruits (pommes et melons), du jus de pommes, ainsi que des farines de c\u00e9r\u00e9ales anciennes (bl\u00e9 et petit \u00e9peautre). Une dizaine de &hellip; <a href=\"https:\/\/amaplabergerie.org\/?page_id=4260\">Continuer la lecture <span class=\"meta-nav\">&rarr;<\/span><\/a><\/p>\n","protected":false},"author":4,"featured_media":0,"parent":9,"menu_order":0,"comment_status":"closed","ping_status":"closed","template":"","meta":{"_bbp_topic_count":0,"_bbp_reply_count":0,"_bbp_total_topic_count":0,"_bbp_total_reply_count":0,"_bbp_voice_count":0,"_bbp_anonymous_reply_count":0,"_bbp_topic_count_hidden":0,"_bbp_reply_count_hidden":0,"_bbp_forum_subforum_count":0},"_links":{"self":[{"href":"https:\/\/amaplabergerie.org\/index.php?rest_route=\/wp\/v2\/pages\/4260"}],"collection":[{"href":"https:\/\/amaplabergerie.org\/index.php?rest_route=\/wp\/v2\/pages"}],"about":[{"href":"https:\/\/amaplabergerie.org\/index.php?rest_route=\/wp\/v2\/types\/page"}],"author":[{"embeddable":true,"href":"https:\/\/amaplabergerie.org\/index.php?rest_route=\/wp\/v2\/users\/4"}],"replies":[{"embeddable":true,"href":"https:\/\/amaplabergerie.org\/index.php?rest_route=%2Fwp%2Fv2%2Fcomments&post=4260"}],"version-history":[{"count":6,"href":"https:\/\/amaplabergerie.org\/index.php?rest_route=\/wp\/v2\/pages\/4260\/revisions"}],"predecessor-version":[{"id":4282,"href":"https:\/\/amaplabergerie.org\/index.php?rest_route=\/wp\/v2\/pages\/4260\/revisions\/4282"}],"up":[{"embeddable":true,"href":"https:\/\/amaplabergerie.org\/index.php?rest_route=\/wp\/v2\/pages\/9"}],"wp:attachment":[{"href":"https:\/\/amaplabergerie.org\/index.php?rest_route=%2Fwp%2Fv2%2Fmedia&parent=4260"}],"curies":[{"name":"wp","href":"https:\/\/api.w.org\/{rel}","templated":true}]}}