{"id":50,"date":"2011-05-07T09:55:51","date_gmt":"2011-05-07T09:55:51","guid":{"rendered":"http:\/\/amaplabergerie.wordpress.com\/?page_id=50"},"modified":"2020-05-03T18:33:03","modified_gmt":"2020-05-03T16:33:03","slug":"contactez-nous","status":"publish","type":"page","link":"https:\/\/amaplabergerie.org\/?page_id=50","title":{"rendered":"Contactez nous"},"content":{"rendered":"<ul>\n<li>Pour nous contacter :<\/li>\n<\/ul>\n<p><a title=\"mail labergerie\" href=\"mailto:amap31.lauzerville.labergerie@gmail.com\">amap31.lauzerville.labergerie@gmail.com<\/a><\/p>\n<ul>\n<li>Pour nous rencontrer :<\/li>\n<\/ul>\n<p>De mai \u00e0 f\u00e9vrier\/mars, cour de l&rsquo;ancienne \u00e9cole de Lauzerville (\u00e0 c\u00f4t\u00e9 de la mairie), le mercredi de 18h30 \u00e0 19h30<\/p>\n","protected":false},"excerpt":{"rendered":"<p>Pour nous contacter : amap31.lauzerville.labergerie@gmail.com Pour nous rencontrer : De mai \u00e0 f\u00e9vrier\/mars, cour de l&rsquo;ancienne \u00e9cole de Lauzerville (\u00e0 c\u00f4t\u00e9 de la mairie), le mercredi de 18h30 \u00e0 19h30<\/p>\n","protected":false},"author":2,"featured_media":0,"parent":0,"menu_order":3,"comment_status":"closed","ping_status":"closed","template":"","meta":{"_bbp_topic_count":0,"_bbp_reply_count":0,"_bbp_total_topic_count":0,"_bbp_total_reply_count":0,"_bbp_voice_count":0,"_bbp_anonymous_reply_count":0,"_bbp_topic_count_hidden":0,"_bbp_reply_count_hidden":0,"_bbp_forum_subforum_count":0},"_links":{"self":[{"href":"https:\/\/amaplabergerie.org\/index.php?rest_route=\/wp\/v2\/pages\/50"}],"collection":[{"href":"https:\/\/amaplabergerie.org\/index.php?rest_route=\/wp\/v2\/pages"}],"about":[{"href":"https:\/\/amaplabergerie.org\/index.php?rest_route=\/wp\/v2\/types\/page"}],"author":[{"embeddable":true,"href":"https:\/\/amaplabergerie.org\/index.php?rest_route=\/wp\/v2\/users\/2"}],"replies":[{"embeddable":true,"href":"https:\/\/amaplabergerie.org\/index.php?rest_route=%2Fwp%2Fv2%2Fcomments&post=50"}],"version-history":[{"count":5,"href":"https:\/\/amaplabergerie.org\/index.php?rest_route=\/wp\/v2\/pages\/50\/revisions"}],"predecessor-version":[{"id":4186,"href":"https:\/\/amaplabergerie.org\/index.php?rest_route=\/wp\/v2\/pages\/50\/revisions\/4186"}],"wp:attachment":[{"href":"https:\/\/amaplabergerie.org\/index.php?rest_route=%2Fwp%2Fv2%2Fmedia&parent=50"}],"curies":[{"name":"wp","href":"https:\/\/api.w.org\/{rel}","templated":true}]}}