{"id":62,"date":"2011-05-07T10:05:25","date_gmt":"2011-05-07T09:05:25","guid":{"rendered":"http:\/\/amaplabergerie.wordpress.com\/?page_id=62"},"modified":"2025-06-23T20:21:30","modified_gmt":"2025-06-23T18:21:30","slug":"accueil","status":"publish","type":"page","link":"https:\/\/amaplabergerie.org\/","title":{"rendered":"Accueil"},"content":{"rendered":"<h1 style=\"text-align: center;\"><strong>Bienvenue<br \/>\nsur le site de l&rsquo;AMAP La Bergerie,<\/strong><br \/>\n<strong> l&rsquo;AMAP de Lauzerville !<\/strong><\/h1>\n<p>&nbsp;<\/p>\n<p>Si vous faites d\u00e9j\u00e0 partie de l&rsquo;AMAP, vous trouverez sur ce site l&rsquo;ensemble des informations\u00a0 de la saison, ainsi que le lien pour vous inscrire aux permanences, des informations sur les cultures, les op\u00e9rations \u00ab\u00a0aide \u00e0 la ferme\u00a0\u00bb, et des recettes de saison.<\/p>\n<p>Si vous ne faites pas encore partie de l&rsquo;AMAP, ce site r\u00e9pondra sans doute \u00e0 vos premi\u00e8res questions sur nos objectifs et notre fonctionnement. N&rsquo;h\u00e9sitez pas \u00e0 nous contacter pour en savoir plus (rubrique : <a href=\"http:\/\/amaplabergerie.org\/?page_id=50\">nous contacter<\/a>) ou \u00e0 venir nous rencontrer les mercredis de 18h30 \u00e0 19h30.<\/p>\n<p style=\"text-align: left;\">Nous vous souhaitons une bonne visite !<\/p>\n<div id=\"attachment_3790\" style=\"width: 160px\" class=\"wp-caption alignright\"><a href=\"http:\/\/amaplabergerie.org\/wp-content\/uploads\/2011\/05\/Nous_voulons_coquelicots-T\u00e9l\u00e9phone.png\"><img aria-describedby=\"caption-attachment-3790\" decoding=\"async\" loading=\"lazy\" class=\"size-thumbnail wp-image-3790\" src=\"http:\/\/amaplabergerie.org\/wp-content\/uploads\/2011\/05\/Nous_voulons_coquelicots-T\u00e9l\u00e9phone-150x150.png\" alt=\"NOUS VOULONS DES COQUELICOTS\" width=\"150\" height=\"150\" srcset=\"https:\/\/amaplabergerie.org\/wp-content\/uploads\/2011\/05\/Nous_voulons_coquelicots-T\u00e9l\u00e9phone-150x150.png 150w, https:\/\/amaplabergerie.org\/wp-content\/uploads\/2011\/05\/Nous_voulons_coquelicots-T\u00e9l\u00e9phone-300x300.png 300w, https:\/\/amaplabergerie.org\/wp-content\/uploads\/2011\/05\/Nous_voulons_coquelicots-T\u00e9l\u00e9phone.png 320w\" sizes=\"(max-width: 150px) 100vw, 150px\" \/><\/a><p id=\"caption-attachment-3790\" class=\"wp-caption-text\"><a href=\"https:\/\/nousvoulonsdescoquelicots.org\/\" target=\"_blank\" rel=\"noopener noreferrer\">NOUS VOULONS DES COQUELICOTS<\/a><\/p><\/div>\n<p><span style=\"text-decoration: underline;\"><em>Mise \u00e0 jour juin 2025:<\/em><\/span><\/p>\n<h2 style=\"text-align: center;\"><strong>Saison 2024 :<\/strong><\/h2>\n<p><em id=\"__mceDel\">L\u2019AMAP La Bergerie propose \u00e0 ses adh\u00e9rents diff\u00e9rents produits BIO (contrats ou commandes group\u00e9es) :<\/em><\/p>\n<ul>\n<li>\u00ab L\u00e9gumes \u00bb : de mai\u00a0 \u00e0 f\u00e9vrier<\/li>\n<li><del>\u00ab Fruits rouges \u00bb (fraises, framboises, rhubarbe&#8230;) : de mai \u00e0 septembre<\/del><\/li>\n<li>\u00ab Fromage de ch\u00e8vre \u00bb : de mai \u00e0 avril, toutes les 2 semaines.<\/li>\n<li>\u00ab Pain \u00bb :\u00a0 de mai \u00e0 avril<\/li>\n<li>\u00ab Poulets \u00bb, \u00ab \u0153ufs \u00bb et \u00ab colis d&rsquo;agneaux \u00bb : 1 fois par mois &#8211; <span style=\"color: #800080;\"><strong><em>distribution le <\/em><em>mardi<\/em><\/strong><\/span><\/li>\n<li>\u00ab Pommes \u00bb : de novembre \u00e0 f\u00e9vrier, 1 fois par mois<\/li>\n<li>\u00ab Glaces \u00bb, &#8230;<\/li>\n<\/ul>\n<p style=\"text-align: left;\"><span style=\"color: #800080;\">Distributions hebdomadaires, le <strong>mercredi<\/strong> \u00e0 Lauzerville de 18h30 \u00e0 19h30<\/span> pr\u00e8s de la mairie.<br \/>\nPour tout renseignement : <a href=\"http:\/\/amaplabergerie.org\/?page_id=50\">nous contacter<\/a><\/p>\n<h3><\/h3>\n<h3 style=\"text-align: center;\"><strong><em>Inscriptions sur liste d&rsquo;attente pour la saison 2026, contactez-nous.<br \/>\nIl est encore possible d&rsquo;adh\u00e9rer pour le contrat \u00ab\u00a0poulets\u00a0\u00bb en 2025.<br \/>\n<\/em><\/strong><\/h3>\n","protected":false},"excerpt":{"rendered":"<p>Bienvenue sur le site de l&rsquo;AMAP La Bergerie, l&rsquo;AMAP de Lauzerville ! &nbsp; Si vous faites d\u00e9j\u00e0 partie de l&rsquo;AMAP, vous trouverez sur ce site l&rsquo;ensemble des informations\u00a0 de la saison, ainsi que le lien pour vous inscrire aux permanences, &hellip; <a href=\"https:\/\/amaplabergerie.org\/\">Continuer la lecture <span class=\"meta-nav\">&rarr;<\/span><\/a><\/p>\n","protected":false},"author":2,"featured_media":0,"parent":0,"menu_order":0,"comment_status":"closed","ping_status":"closed","template":"","meta":{"_bbp_topic_count":0,"_bbp_reply_count":0,"_bbp_total_topic_count":0,"_bbp_total_reply_count":0,"_bbp_voice_count":0,"_bbp_anonymous_reply_count":0,"_bbp_topic_count_hidden":0,"_bbp_reply_count_hidden":0,"_bbp_forum_subforum_count":0},"_links":{"self":[{"href":"https:\/\/amaplabergerie.org\/index.php?rest_route=\/wp\/v2\/pages\/62"}],"collection":[{"href":"https:\/\/amaplabergerie.org\/index.php?rest_route=\/wp\/v2\/pages"}],"about":[{"href":"https:\/\/amaplabergerie.org\/index.php?rest_route=\/wp\/v2\/types\/page"}],"author":[{"embeddable":true,"href":"https:\/\/amaplabergerie.org\/index.php?rest_route=\/wp\/v2\/users\/2"}],"replies":[{"embeddable":true,"href":"https:\/\/amaplabergerie.org\/index.php?rest_route=%2Fwp%2Fv2%2Fcomments&post=62"}],"version-history":[{"count":80,"href":"https:\/\/amaplabergerie.org\/index.php?rest_route=\/wp\/v2\/pages\/62\/revisions"}],"predecessor-version":[{"id":4460,"href":"https:\/\/amaplabergerie.org\/index.php?rest_route=\/wp\/v2\/pages\/62\/revisions\/4460"}],"wp:attachment":[{"href":"https:\/\/amaplabergerie.org\/index.php?rest_route=%2Fwp%2Fv2%2Fmedia&parent=62"}],"curies":[{"name":"wp","href":"https:\/\/api.w.org\/{rel}","templated":true}]}}